{"id":186,"date":"2021-05-20T13:16:15","date_gmt":"2021-05-20T10:16:15","guid":{"rendered":"https:\/\/cbcenter.md\/?page_id=186"},"modified":"2026-02-03T10:35:32","modified_gmt":"2026-02-03T07:35:32","slug":"coworking","status":"publish","type":"page","link":"https:\/\/cbcenter.md\/ru\/coworking\/","title":{"rendered":"\u041a\u043e\u0432\u043e\u0440\u043a\u0438\u043d\u0433"},"content":{"rendered":"<div class=\"vc_row wpb_row vc_row-fluid\"><div class=\"wpb_column vc_column_container vc_col-sm-12\"><div class=\"vc_column-inner\"><div class=\"wpb_wrapper\">\n\t<div class=\"wpb_raw_code wpb_content_element wpb_raw_html\" >\n\t\t<div class=\"wpb_wrapper\">\n\t\t\t<!-- Event snippet for Website traffic conversion page -->\n<script>\n  gtag('event', 'conversion', {'send_to': 'AW-349148686\/Wf3VCIzT9sQCEI6svqYB'});\n<\/script>\n\n\t\t<\/div>\n\t<\/div>\n<\/div><\/div><\/div><\/div><div class=\"vc_row wpb_row vc_row-fluid\"><div class=\"wpb_column vc_column_container vc_col-sm-12\"><div class=\"vc_column-inner\"><div class=\"wpb_wrapper\">\t\t\n\t\t<div id=\"wd-692981236ebee\" class=\"title-wrapper  woodmart-title-color-default woodmart-title-style-underlined woodmart-title-width-100 text-center woodmart-title-size-medium\">\n\t\t\t\t\t\t\n\t\t\t<div class=\"liner-continer\">\n\t\t\t\t<span class=\"left-line\"><\/span>\n\t\t\t\t<h4 class=\"woodmart-title-container title  woodmart-font-weight-600\" >\u0420\u0430\u0431\u043e\u0447\u0435\u0435 \u043c\u0435\u0441\u0442\u043e \u0432 \u043a\u043e\u0432\u043e\u0440\u043a\u0438\u043d\u0433\u0435 \u0434\u043e\u0441\u0442\u0443\u043f\u043d\u043e 24\/7 \u2013 \u041d\u0435\u043e\u0433\u0440\u0430\u043d\u0438\u0447\u0435\u043d\u043d\u044b\u0439 \u0434\u043e\u0441\u0442\u0443\u043f<\/h4>\t\t\t\t\t\t\t\t<span class=\"right-line\"><\/span>\n\t\t\t<\/div>\n\t\t\t\n\t\t\t\t\t\t\n\t\t\t\t\t<\/div>\n\t\t\n\t\t<\/div><\/div><\/div><\/div><div data-vc-full-width=\"true\" data-vc-full-width-init=\"false\" class=\"vc_row wpb_row vc_row-fluid\"><div class=\"wpb_column vc_column_container vc_col-sm-6\"><div class=\"vc_column-inner\"><div class=\"wpb_wrapper\">\t\t<div id=\"gallery_354\" class=\"woodmart-images-gallery gallery-halign-center gallery-valign-middle view-carousel photoswipe-images woodmart-carousel-spacing-0 woodmart-carousel-container\" data-owl-carousel data-wrap=\"no\" data-hide_pagination_control=\"no\" data-hide_prev_next_buttons=\"no\" data-desktop=\"1\" data-tablet_landscape=\"1\" data-tablet=\"1\" data-mobile=\"1\">\n\t\t\t<div class=\"gallery-images owl-carousel owl-items-lg-1 owl-items-md-1 owl-items-sm-1 owl-items-xs-1\">\n\t\t\t\t\t\t\t\t\t\t\t\t\t\t\t<div class=\"woodmart-gallery-item\">\n\t\t\t\t\t\t\t\t\t\t\t\t\t\t<a href=\"https:\/\/cbcenter.md\/wp-content\/uploads\/2025\/11\/11cab-70-ob-logo.jpg\" data-elementor-open-lightbox=\"no\" data-index=\"1\" data-width=\"2489\" data-height=\"1400\"  >\n\t\t\t\t\t\t\t\t\t\t\t\t\t\t\t\t\n\t\t\t\t\t\t\t\t\t\t\t\t\t\t\t\t\t<img loading=\"lazy\" decoding=\"async\" class=\"woodmart-gallery-image image-1\" src=\"https:\/\/cbcenter.md\/wp-content\/uploads\/2025\/11\/11cab-70-ob-logo-500x450.jpg\" width=\"500\" height=\"450\" alt=\"Coworking Chisinau\" title=\"Coworking Chisinau\" \/>\t\t\t\t\t\t\t\t\t\t\t\t\t\t\t\t\n\t\t\t\t\t\t\t\t\n\t\t\t\t\t\t\t\t\t\t\t\t\t\t\t<\/a>\n\t\t\t\t\t\t\t\t\t\t\t\t<\/div>\n\t\t\t\t\t\t\t\t\t\t\t<div class=\"woodmart-gallery-item\">\n\t\t\t\t\t\t\t\t\t\t\t\t\t\t<a href=\"https:\/\/cbcenter.md\/wp-content\/uploads\/2025\/11\/1-cab-70-ob-logo.jpg\" data-elementor-open-lightbox=\"no\" data-index=\"2\" data-width=\"2489\" data-height=\"1400\"  >\n\t\t\t\t\t\t\t\t\t\t\t\t\t\t\t\t\n\t\t\t\t\t\t\t\t\t\t\t\t\t\t\t\t\t<img loading=\"lazy\" decoding=\"async\" class=\"woodmart-gallery-image image-2\" src=\"https:\/\/cbcenter.md\/wp-content\/uploads\/2025\/11\/1-cab-70-ob-logo-500x450.jpg\" width=\"500\" height=\"450\" alt=\"Coworking Chisinau\" title=\"Coworking Chisinau\" \/>\t\t\t\t\t\t\t\t\t\t\t\t\t\t\t\t\n\t\t\t\t\t\t\t\t\n\t\t\t\t\t\t\t\t\t\t\t\t\t\t\t<\/a>\n\t\t\t\t\t\t\t\t\t\t\t\t<\/div>\n\t\t\t\t\t\t\t\t\t\t\t<div class=\"woodmart-gallery-item\">\n\t\t\t\t\t\t\t\t\t\t\t\t\t\t<a href=\"https:\/\/cbcenter.md\/wp-content\/uploads\/2025\/11\/2-cab-70-ob-logo.jpg\" data-elementor-open-lightbox=\"no\" data-index=\"3\" data-width=\"2489\" data-height=\"1400\"  >\n\t\t\t\t\t\t\t\t\t\t\t\t\t\t\t\t\n\t\t\t\t\t\t\t\t\t\t\t\t\t\t\t\t\t<img loading=\"lazy\" decoding=\"async\" class=\"woodmart-gallery-image image-3\" src=\"https:\/\/cbcenter.md\/wp-content\/uploads\/2025\/11\/2-cab-70-ob-logo-500x450.jpg\" width=\"500\" height=\"450\" alt=\"Coworking Chisinau\" title=\"Coworking Chisinau\" \/>\t\t\t\t\t\t\t\t\t\t\t\t\t\t\t\t\n\t\t\t\t\t\t\t\t\n\t\t\t\t\t\t\t\t\t\t\t\t\t\t\t<\/a>\n\t\t\t\t\t\t\t\t\t\t\t\t<\/div>\n\t\t\t\t\t\t\t\t\t\t\t<div class=\"woodmart-gallery-item\">\n\t\t\t\t\t\t\t\t\t\t\t\t\t\t<a href=\"https:\/\/cbcenter.md\/wp-content\/uploads\/2025\/11\/6-cab-70-ob-logo-scaled.jpg\" data-elementor-open-lightbox=\"no\" data-index=\"4\" data-width=\"2560\" data-height=\"1395\"  >\n\t\t\t\t\t\t\t\t\t\t\t\t\t\t\t\t\n\t\t\t\t\t\t\t\t\t\t\t\t\t\t\t\t\t<img loading=\"lazy\" decoding=\"async\" class=\"woodmart-gallery-image image-4\" src=\"https:\/\/cbcenter.md\/wp-content\/uploads\/2025\/11\/6-cab-70-ob-logo-scaled-500x450.jpg\" width=\"500\" height=\"450\" alt=\"Coworking Chisinau\" title=\"Coworking Chisinau\" \/>\t\t\t\t\t\t\t\t\t\t\t\t\t\t\t\t\n\t\t\t\t\t\t\t\t\n\t\t\t\t\t\t\t\t\t\t\t\t\t\t\t<\/a>\n\t\t\t\t\t\t\t\t\t\t\t\t<\/div>\n\t\t\t\t\t\t\t\t\t\t\t<div class=\"woodmart-gallery-item\">\n\t\t\t\t\t\t\t\t\t\t\t\t\t\t<a href=\"https:\/\/cbcenter.md\/wp-content\/uploads\/2025\/11\/9cab-70-ob-logo.jpg\" data-elementor-open-lightbox=\"no\" data-index=\"5\" data-width=\"2489\" data-height=\"1400\"  >\n\t\t\t\t\t\t\t\t\t\t\t\t\t\t\t\t\n\t\t\t\t\t\t\t\t\t\t\t\t\t\t\t\t\t<img loading=\"lazy\" decoding=\"async\" class=\"woodmart-gallery-image image-5\" src=\"https:\/\/cbcenter.md\/wp-content\/uploads\/2025\/11\/9cab-70-ob-logo-500x450.jpg\" width=\"500\" height=\"450\" alt=\"Coworking Chisinau\" title=\"Coworking Chisinau\" \/>\t\t\t\t\t\t\t\t\t\t\t\t\t\t\t\t\n\t\t\t\t\t\t\t\t\n\t\t\t\t\t\t\t\t\t\t\t\t\t\t\t<\/a>\n\t\t\t\t\t\t\t\t\t\t\t\t<\/div>\n\t\t\t\t\t\t\t\t\t\t\t<div class=\"woodmart-gallery-item\">\n\t\t\t\t\t\t\t\t\t\t\t\t\t\t<a href=\"https:\/\/cbcenter.md\/wp-content\/uploads\/2025\/11\/10cab-70-ob-logo.jpg\" data-elementor-open-lightbox=\"no\" data-index=\"6\" data-width=\"1500\" data-height=\"2000\"  >\n\t\t\t\t\t\t\t\t\t\t\t\t\t\t\t\t\n\t\t\t\t\t\t\t\t\t\t\t\t\t\t\t\t\t<img loading=\"lazy\" decoding=\"async\" class=\"woodmart-gallery-image image-6\" src=\"https:\/\/cbcenter.md\/wp-content\/uploads\/2025\/11\/10cab-70-ob-logo-500x450.jpg\" width=\"500\" height=\"450\" alt=\"Coworking Chisinau\" title=\"Coworking Chisinau\" \/>\t\t\t\t\t\t\t\t\t\t\t\t\t\t\t\t\n\t\t\t\t\t\t\t\t\n\t\t\t\t\t\t\t\t\t\t\t\t\t\t\t<\/a>\n\t\t\t\t\t\t\t\t\t\t\t\t<\/div>\n\t\t\t\t\t\t\t\t\t\t\t<div class=\"woodmart-gallery-item\">\n\t\t\t\t\t\t\t\t\t\t\t\t\t\t<a href=\"https:\/\/cbcenter.md\/wp-content\/uploads\/2025\/11\/12cab-70-ob-logo-1.jpg\" data-elementor-open-lightbox=\"no\" data-index=\"7\" data-width=\"2489\" data-height=\"1400\"  >\n\t\t\t\t\t\t\t\t\t\t\t\t\t\t\t\t\n\t\t\t\t\t\t\t\t\t\t\t\t\t\t\t\t\t<img loading=\"lazy\" decoding=\"async\" class=\"woodmart-gallery-image image-7\" src=\"https:\/\/cbcenter.md\/wp-content\/uploads\/2025\/11\/12cab-70-ob-logo-1-500x450.jpg\" width=\"500\" height=\"450\" alt=\"Coworking Chisinau\" title=\"Coworking Chisinau\" \/>\t\t\t\t\t\t\t\t\t\t\t\t\t\t\t\t\n\t\t\t\t\t\t\t\t\n\t\t\t\t\t\t\t\t\t\t\t\t\t\t\t<\/a>\n\t\t\t\t\t\t\t\t\t\t\t\t<\/div>\n\t\t\t\t\t\t\t\t\t\t\t<div class=\"woodmart-gallery-item\">\n\t\t\t\t\t\t\t\t\t\t\t\t\t\t<a href=\"https:\/\/cbcenter.md\/wp-content\/uploads\/2025\/11\/13cab-70-ob-logo.jpg\" data-elementor-open-lightbox=\"no\" data-index=\"8\" data-width=\"2489\" data-height=\"1400\"  >\n\t\t\t\t\t\t\t\t\t\t\t\t\t\t\t\t\n\t\t\t\t\t\t\t\t\t\t\t\t\t\t\t\t\t<img loading=\"lazy\" decoding=\"async\" class=\"woodmart-gallery-image image-8\" src=\"https:\/\/cbcenter.md\/wp-content\/uploads\/2025\/11\/13cab-70-ob-logo-500x450.jpg\" width=\"500\" height=\"450\" alt=\"Coworking Chisinau\" title=\"Coworking Chisinau\" \/>\t\t\t\t\t\t\t\t\t\t\t\t\t\t\t\t\n\t\t\t\t\t\t\t\t\n\t\t\t\t\t\t\t\t\t\t\t\t\t\t\t<\/a>\n\t\t\t\t\t\t\t\t\t\t\t\t<\/div>\n\t\t\t\t\t\t\t\t\t\t\t<div class=\"woodmart-gallery-item\">\n\t\t\t\t\t\t\t\t\t\t\t\t\t\t<a href=\"https:\/\/cbcenter.md\/wp-content\/uploads\/2025\/11\/14cab-70-ob-logo.jpg\" data-elementor-open-lightbox=\"no\" data-index=\"9\" data-width=\"1500\" data-height=\"2000\"  >\n\t\t\t\t\t\t\t\t\t\t\t\t\t\t\t\t\n\t\t\t\t\t\t\t\t\t\t\t\t\t\t\t\t\t<img loading=\"lazy\" decoding=\"async\" class=\"woodmart-gallery-image image-9\" src=\"https:\/\/cbcenter.md\/wp-content\/uploads\/2025\/11\/14cab-70-ob-logo-500x450.jpg\" width=\"500\" height=\"450\" alt=\"Coworking Chisinau\" title=\"Coworking Chisinau\" \/>\t\t\t\t\t\t\t\t\t\t\t\t\t\t\t\t\n\t\t\t\t\t\t\t\t\n\t\t\t\t\t\t\t\t\t\t\t\t\t\t\t<\/a>\n\t\t\t\t\t\t\t\t\t\t\t\t<\/div>\n\t\t\t\t\t\t\t\t\t\t\t<div class=\"woodmart-gallery-item\">\n\t\t\t\t\t\t\t\t\t\t\t\t\t\t<a href=\"https:\/\/cbcenter.md\/wp-content\/uploads\/2025\/11\/15cab-70-ob-logo.jpg\" data-elementor-open-lightbox=\"no\" data-index=\"10\" data-width=\"1500\" data-height=\"2000\"  >\n\t\t\t\t\t\t\t\t\t\t\t\t\t\t\t\t\n\t\t\t\t\t\t\t\t\t\t\t\t\t\t\t\t\t<img loading=\"lazy\" decoding=\"async\" class=\"woodmart-gallery-image image-10\" src=\"https:\/\/cbcenter.md\/wp-content\/uploads\/2025\/11\/15cab-70-ob-logo-500x450.jpg\" width=\"500\" height=\"450\" alt=\"Coworking Chisinau Chiria\" title=\"Coworking Chisinau\" \/>\t\t\t\t\t\t\t\t\t\t\t\t\t\t\t\t\n\t\t\t\t\t\t\t\t\n\t\t\t\t\t\t\t\t\t\t\t\t\t\t\t<\/a>\n\t\t\t\t\t\t\t\t\t\t\t\t<\/div>\n\t\t\t\t\t\t\t\t\t\t\t\t<\/div>\n\t\t<\/div>\n\t\t\t\t<div id=\"wd-614c57b6b3486\" class=\"woodmart-button-wrapper text-center\"><a href=\"tel:+37369621999\" title=\"\" class=\"btn btn-color-primary btn-style-default btn-shape-rectangle btn-size-default btn-full-width btn-icon-pos-left\">+373 69 621 999<span class=\"wd-btn-icon\"><i class=\"fas fa-phone-alt\"><\/i><\/span><\/a><\/div><div class=\"vc_row wpb_row vc_inner vc_row-fluid\"><div class=\"wpb_column vc_column_container vc_col-sm-12\"><div class=\"vc_column-inner vc_custom_1695043722488\"><div class=\"wpb_wrapper\">\n<div class=\"wpcf7 no-js\" id=\"wpcf7-f188-o1\" lang=\"ru-RU\" dir=\"ltr\" data-wpcf7-id=\"188\">\n<div class=\"screen-reader-response\"><p role=\"status\" aria-live=\"polite\" aria-atomic=\"true\"><\/p> <ul><\/ul><\/div>\n<form action=\"\/ru\/wp-json\/wp\/v2\/pages\/186#wpcf7-f188-o1\" method=\"post\" class=\"wpcf7-form init\" aria-label=\"\u041a\u043e\u043d\u0442\u0430\u043a\u0442\u043d\u0430\u044f \u0444\u043e\u0440\u043c\u0430\" novalidate=\"novalidate\" data-status=\"init\" data-trp-original-action=\"\/ru\/wp-json\/wp\/v2\/pages\/186#wpcf7-f188-o1\">\n<fieldset class=\"hidden-fields-container\"><input type=\"hidden\" name=\"_wpcf7\" value=\"188\" \/><input type=\"hidden\" name=\"_wpcf7_version\" value=\"6.1.5\" \/><input type=\"hidden\" name=\"_wpcf7_locale\" value=\"ru_RU\" \/><input type=\"hidden\" name=\"_wpcf7_unit_tag\" value=\"wpcf7-f188-o1\" \/><input type=\"hidden\" name=\"_wpcf7_container_post\" value=\"0\" \/><input type=\"hidden\" name=\"_wpcf7_posted_data_hash\" value=\"\" \/>\n<\/fieldset>\n<div class=\"row\">\n\t<div class=\"col-sm-4\">\n\t\t<p><label> \u041f\u0435\u0440\u0438\u043e\u0434 <span class=\"wpcf7-form-control-wrap\" data-name=\"period\"><select class=\"wpcf7-form-control wpcf7-select\" aria-invalid=\"false\" name=\"period\"><option value=\"1 zi\">1 \u0434\u0435\u043d\u044c<\/option><option value=\"1 s\u0103pt\u0103m\u00e2n\u0103\">1 \u043d\u0435\u0434\u0435\u043b\u044f<\/option><option value=\"2 s\u0103pt\u0103m\u00e2ni\">2 \u043d\u0435\u0434\u0435\u043b\u0438<\/option><option value=\"3 s\u0103pt\u0103m\u00e2ni\">3 \u043d\u0435\u0434\u0435\u043b\u0438<\/option><option value=\"1 lun\u0103\">1 \u043c\u0435\u0441\u044f\u0446<\/option><option value=\"2 luni\">2 \u043c\u0435\u0441\u044f\u0446\u0430<\/option><option value=\"3 luni\">3 \u043c\u0435\u0441\u044f\u0446\u0430<\/option><option value=\"6 luni\">6 \u043c\u0435\u0441\u044f\u0446\u0435\u0432<\/option><option value=\"1 an\">1 \u0433\u043e\u0434<\/option><\/select><\/span><\/label>\n\t\t<\/p>\n\t<\/div>\n\t<div class=\"col-sm-4\">\n\t\t<p><label> \u041a\u043e\u043b\u0438\u0447\u0435\u0441\u0442\u0432\u043e \u043c\u0435\u0441\u0442 <span class=\"wpcf7-form-control-wrap\" data-name=\"kolichestvo\"><select class=\"wpcf7-form-control wpcf7-select\" aria-invalid=\"false\" name=\"kolichestvo\"><option value=\"1\">1<\/option><option value=\"2\">2<\/option><option value=\"3\">3<\/option><option value=\"4\">4<\/option><option value=\"5\">5<\/option><\/select><\/span><\/label>\n\t\t<\/p>\n\t<\/div>\n\t<div class=\"col-sm-4\">\n\t\t<p><label> \u0414\u0430\u0442\u0430 \u043d\u0430\u0447\u0430\u043b\u0430 <span class=\"wpcf7-form-control-wrap\" data-name=\"data\"><input class=\"wpcf7-form-control wpcf7-date wpcf7-validates-as-date\" aria-invalid=\"false\" value=\"\" type=\"date\" name=\"data\" \/><\/span> <\/label>\n\t\t<\/p>\n\t<\/div>\n<\/div>\n<div class=\"row\">\n\t<div class=\"col-sm-6\">\n\t\t<p><label> \u0418\u043c\u044f, \u0444\u0430\u043c\u0438\u043b\u0438\u044f <span class=\"wpcf7-form-control-wrap\" data-name=\"Imya\"><input size=\"40\" maxlength=\"400\" class=\"wpcf7-form-control wpcf7-text wpcf7-validates-as-required\" aria-required=\"true\" aria-invalid=\"false\" value=\"\" type=\"text\" name=\"Imya\" \/><\/span><\/label>\n\t\t<\/p>\n\t<\/div>\n\t<div class=\"col-sm-6\">\n\t\t<p><label> \u0422\u0435\u043b\u0435\u0444\u043e\u043d <span class=\"wpcf7-form-control-wrap\" data-name=\"tel-161\"><input size=\"40\" maxlength=\"400\" class=\"wpcf7-form-control wpcf7-tel wpcf7-validates-as-required wpcf7-text wpcf7-validates-as-tel\" aria-required=\"true\" aria-invalid=\"false\" value=\"\" type=\"tel\" name=\"tel-161\" \/><\/span> <\/label>\n\t\t<\/p>\n\t<\/div>\n\t<div class=\"button-center\">\n\t\t<p><input class=\"wpcf7-form-control wpcf7-submit has-spinner\" type=\"submit\" value=\"\u0420\u0415\u0417\u0415\u0420\u0412\u0410\u0426\u0418\u042f\" \/>\n\t\t<\/p>\n\t<\/div>\n<\/div><div class=\"wpcf7-response-output\" aria-hidden=\"true\"><\/div>\n<input type=\"hidden\" name=\"trp-form-language\" value=\"ru\"\/><\/form>\n<\/div>\n<\/div><\/div><\/div><\/div><\/div><\/div><\/div><div class=\"wpb_column vc_column_container vc_col-sm-6\"><div class=\"vc_column-inner\"><div class=\"wpb_wrapper\">\n\t<div class=\"wpb_text_column wpb_content_element vc_custom_1764334773952\" >\n\t\t<div class=\"wpb_wrapper\">\n\t\t\t<h2 class=\"font-claude-response-heading text-text-100 mt-1 -mb-0.5\">\u041a\u0430\u043a\u0438\u0435 \u043f\u0440\u0435\u0438\u043c\u0443\u0449\u0435\u0441\u0442\u0432\u0430 \u0432\u044b \u043f\u043e\u043b\u0443\u0447\u0430\u0435\u0442\u0435:<\/h2>\n<p class=\"font-claude-response-body whitespace-normal break-words\"><strong>\u041f\u043e\u043b\u043d\u044b\u0439 \u0434\u043e\u0441\u0442\u0443\u043f 24\/7<\/strong> \u2013 \u0440\u0430\u0431\u043e\u0442\u0430\u0435\u0448\u044c, \u043a\u043e\u0433\u0434\u0430 \u0445\u043e\u0447\u0435\u0448\u044c, \u0431\u0435\u0437 \u043e\u0433\u0440\u0430\u043d\u0438\u0447\u0435\u043d\u0438\u0439 \u043f\u043e \u0433\u0440\u0430\u0444\u0438\u043a\u0443<\/p>\n<p class=\"font-claude-response-body whitespace-normal break-words\"><strong>\u0417\u043e\u043d\u0430 \u043e\u0442\u0434\u044b\u0445\u0430<\/strong> \u2013 \u0441\u0434\u0435\u043b\u0430\u0439\u0442\u0435 \u043f\u0435\u0440\u0435\u0440\u044b\u0432 \u0438 \u0437\u0430\u0440\u044f\u0434\u0438\u0442\u0435\u0441\u044c \u044d\u043d\u0435\u0440\u0433\u0438\u0435\u0439 \u0432 \u043a\u043e\u043c\u0444\u043e\u0440\u0442\u043d\u043e\u0439 \u043e\u0431\u0441\u0442\u0430\u043d\u043e\u0432\u043a\u0435<\/p>\n<p class=\"font-claude-response-body whitespace-normal break-words\"><strong>\u0414\u043e\u0441\u0442\u0443\u043f \u043a Coffee Point<\/strong> \u2013 \u0437\u043e\u043d\u0430 \u0434\u043b\u044f \u043a\u043e\u0444\u0435 \u0438 \u043d\u0430\u043f\u0438\u0442\u043a\u043e\u0432<\/p>\n<p class=\"font-claude-response-body whitespace-normal break-words\"><strong>\u041e\u0444\u0438\u0441\u043d\u043e\u0435 \u043e\u0431\u043e\u0440\u0443\u0434\u043e\u0432\u0430\u043d\u0438\u0435<\/strong> \u2013 \u041f\u0440\u0438\u043d\u0442\u0435\u0440, \u043a\u0441\u0435\u0440\u043e\u043a\u0441, \u0441\u043a\u0430\u043d\u0435\u0440 \u0432 \u043d\u0430\u043b\u0438\u0447\u0438\u0438<\/p>\n<p class=\"font-claude-response-body whitespace-normal break-words\"><strong>\u0421\u0432\u0435\u0440\u0445\u0431\u044b\u0441\u0442\u0440\u044b\u0439 \u0418\u043d\u0442\u0435\u0440\u043d\u0435\u0442<\/strong> \u2013 Wi-Fi \u0438 \u043a\u0430\u0431\u0435\u043b\u044c\u043d\u043e\u0435 \u043f\u043e\u0434\u043a\u043b\u044e\u0447\u0435\u043d\u0438\u0435, \u0431\u0435\u0437 \u043e\u0433\u0440\u0430\u043d\u0438\u0447\u0435\u043d\u0438\u0439<\/p>\n<p class=\"font-claude-response-body whitespace-normal break-words\"><strong>\u0411\u0435\u0441\u043f\u043b\u0430\u0442\u043d\u0430\u044f \u0440\u0435\u043a\u043b\u0430\u043c\u0430<\/strong> \u2013 \u0432\u0430\u0448 \u0431\u0438\u0437\u043d\u0435\u0441 \u0431\u0443\u0434\u0435\u0442 \u0432\u0438\u0434\u0435\u043d \u0432 \u043d\u0430\u0448\u0438\u0445 \u0441\u043e\u0446\u0441\u0435\u0442\u044f\u0445<\/p>\n<p class=\"font-claude-response-body whitespace-normal break-words\"><strong>\u041f\u0440\u043e\u0444\u0435\u0441\u0441\u0438\u043e\u043d\u0430\u043b\u044c\u043d\u044b\u0439 \u043f\u0440\u0438\u0435\u043c<\/strong> \u2013 \u043f\u043e\u0434\u0434\u0435\u0440\u0436\u043a\u0430 \u0438 \u043f\u043e\u043c\u043e\u0449\u044c \u0434\u043b\u044f \u0432\u0430\u0441 \u0438 \u0432\u0430\u0448\u0438\u0445 \u043a\u043b\u0438\u0435\u043d\u0442\u043e\u0432<\/p>\n<p class=\"font-claude-response-body whitespace-normal break-words\"><strong>\u0415\u0436\u0435\u0434\u043d\u0435\u0432\u043d\u0430\u044f \u0443\u0431\u043e\u0440\u043a\u0430<\/strong> \u2013 \u0447\u0438\u0441\u0442\u043e\u0435 \u0438 \u0443\u0445\u043e\u0436\u0435\u043d\u043d\u043e\u0435 \u043f\u0440\u043e\u0441\u0442\u0440\u0430\u043d\u0441\u0442\u0432\u043e \u043a\u0430\u0436\u0434\u044b\u0439 \u0434\u0435\u043d\u044c<\/p>\n\n\t\t<\/div>\n\t<\/div>\n\n\t<div class=\"wpb_text_column wpb_content_element\" >\n\t\t<div class=\"wpb_wrapper\">\n\t\t\t<h4 class=\"font-claude-response-body whitespace-normal break-words\" style=\"text-align: center;\"><\/h4>\n<p dir=\"ltr\" style=\"text-align: center;\"><strong>\u0426\u0435\u043d\u044b:<\/strong><\/p>\n<p dir=\"ltr\" style=\"text-align: center;\"><strong>250 \u043b\u0435\u0439 \/ \u0434\u0435\u043d\u044c<\/strong><\/p>\n<p dir=\"ltr\" style=\"text-align: center;\"><strong>1000 \u043b\u0435\u0439 \/ \u0432 \u043d\u0435\u0434\u0435\u043b\u044e<\/strong><\/p>\n<p dir=\"ltr\" style=\"text-align: center;\"><strong>1400 \u043b\u0435\u0439 \/ \u0437\u0430 \u0434\u0432\u0435 \u043d\u0435\u0434\u0435\u043b\u0438<\/strong><\/p>\n<p dir=\"ltr\" style=\"text-align: center;\"><strong>2000 \u043b\u0435\u0439 \/ \u0432 \u043c\u0435\u0441\u044f\u0446<\/strong><\/p>\n\n\t\t<\/div>\n\t<\/div>\n<div id=\"wd-6929a7d4d3850\" class=\"woodmart-button-wrapper text-center\"><a href=\"https:\/\/cbcenter.md\/ru\/regulament-coworking\/\" title=\"\" class=\"btn btn-color-default btn-style-default btn-shape-rectangle btn-size-default btn-full-width\">\u041f\u0420\u0410\u0412\u0418\u041b\u0410 \u041a\u041e\u0412\u041e\u0420\u041a\u0418\u041d\u0413\u0410<\/a><\/div><\/div><\/div><\/div><\/div><div class=\"vc_row-full-width vc_clearfix\"><\/div>","protected":false},"excerpt":{"rendered":"Spa\u021biu de lucru \u00een coworking disponibil 24\/7 \u2013 Acces nelimitat +373 69 621 999 Perioad\u0103 1 zi1 s\u0103pt\u0103m\u00e2n\u01032 s\u0103pt\u0103m\u00e2ni3 s\u0103pt\u0103m\u00e2ni1","protected":false},"author":1,"featured_media":0,"parent":0,"menu_order":0,"comment_status":"closed","ping_status":"closed","template":"","meta":{"footnotes":""},"class_list":["post-186","page","type-page","status-publish","hentry"],"_links":{"self":[{"href":"https:\/\/cbcenter.md\/ru\/wp-json\/wp\/v2\/pages\/186","targetHints":{"allow":["GET"]}}],"collection":[{"href":"https:\/\/cbcenter.md\/ru\/wp-json\/wp\/v2\/pages"}],"about":[{"href":"https:\/\/cbcenter.md\/ru\/wp-json\/wp\/v2\/types\/page"}],"author":[{"embeddable":true,"href":"https:\/\/cbcenter.md\/ru\/wp-json\/wp\/v2\/users\/1"}],"replies":[{"embeddable":true,"href":"https:\/\/cbcenter.md\/ru\/wp-json\/wp\/v2\/comments?post=186"}],"version-history":[{"count":0,"href":"https:\/\/cbcenter.md\/ru\/wp-json\/wp\/v2\/pages\/186\/revisions"}],"wp:attachment":[{"href":"https:\/\/cbcenter.md\/ru\/wp-json\/wp\/v2\/media?parent=186"}],"curies":[{"name":"wp","href":"https:\/\/api.w.org\/{rel}","templated":true}]}}