{"id":162,"date":"2021-05-14T15:54:42","date_gmt":"2021-05-14T12:54:42","guid":{"rendered":"http:\/\/cbcenter.md\/?page_id=162"},"modified":"2026-03-25T16:02:36","modified_gmt":"2026-03-25T13:02:36","slug":"sala-de-sedinte","status":"publish","type":"page","link":"https:\/\/cbcenter.md\/ru\/sala-de-sedinte\/","title":{"rendered":"\u041f\u0435\u0440\u0435\u0433\u043e\u0432\u043e\u0440\u043d\u0430\u044f \u043a\u043e\u043c\u043d\u0430\u0442\u0430"},"content":{"rendered":"<div class=\"vc_row wpb_row vc_row-fluid\"><div class=\"wpb_column vc_column_container vc_col-sm-12\"><div class=\"vc_column-inner\"><div class=\"wpb_wrapper\">\t\t\n\t\t<div id=\"wd-692edc5ecaf85\" class=\"title-wrapper  woodmart-title-color-default woodmart-title-style-underlined woodmart-title-width-100 text-center woodmart-title-size-medium\">\n\t\t\t\t\t\t\n\t\t\t<div class=\"liner-continer\">\n\t\t\t\t<span class=\"left-line\"><\/span>\n\t\t\t\t<h1 class=\"woodmart-title-container title  woodmart-font-weight-600\" >\u0410\u0440\u0435\u043d\u0434\u0430 \u043f\u0435\u0440\u0435\u0433\u043e\u0432\u043e\u0440\u043d\u043e\u0439 \u043a\u043e\u043c\u043d\u0430\u0442\u044b \u0432 \u041a\u0438\u0448\u0438\u043d\u0435\u0432\u0435, \u0440\u0430\u0439\u043e\u043d \u0411\u043e\u0442\u0430\u043d\u0438\u043a\u0430<\/h1>\t\t\t\t\t\t\t\t<span class=\"right-line\"><\/span>\n\t\t\t<\/div>\n\t\t\t\n\t\t\t\t\t\t\n\t\t\t\t\t<\/div>\n\t\t\n\t\t<\/div><\/div><\/div><\/div><div class=\"vc_row wpb_row vc_row-fluid\"><div class=\"wpb_column vc_column_container vc_col-sm-6\"><div class=\"vc_column-inner\"><div class=\"wpb_wrapper\">\t\t<div id=\"gallery_361\" class=\"woodmart-images-gallery gallery-halign-center gallery-valign-middle view-carousel photoswipe-images woodmart-carousel-spacing-0 woodmart-carousel-container\" data-owl-carousel data-wrap=\"no\" data-hide_pagination_control=\"no\" data-hide_prev_next_buttons=\"no\" data-desktop=\"1\" data-tablet_landscape=\"1\" data-tablet=\"1\" data-mobile=\"1\">\n\t\t\t<div class=\"gallery-images owl-carousel owl-items-lg-1 owl-items-md-1 owl-items-sm-1 owl-items-xs-1\">\n\t\t\t\t\t\t\t\t\t\t\t\t\t\t\t<div class=\"woodmart-gallery-item\">\n\t\t\t\t\t\t\t\t\t\t\t\t\t\t<a href=\"https:\/\/cbcenter.md\/wp-content\/uploads\/2023\/09\/Meeting-Room.jpg\" data-elementor-open-lightbox=\"no\" data-index=\"1\" data-width=\"1600\" data-height=\"1200\"  >\n\t\t\t\t\t\t\t\t\t\t\t\t\t\t\t\t\n\t\t\t\t\t\t\t\t\t\t\t\t\t\t\t\t\t<img loading=\"lazy\" decoding=\"async\" class=\"woodmart-gallery-image image-1\" src=\"https:\/\/cbcenter.md\/wp-content\/uploads\/2023\/09\/Meeting-Room-550x450.jpg\" width=\"550\" height=\"450\" alt=\"Meeting-Room\" title=\"Meeting-Room\" \/>\t\t\t\t\t\t\t\t\t\t\t\t\t\t\t\t\n\t\t\t\t\t\t\t\t\n\t\t\t\t\t\t\t\t\t\t\t\t\t\t\t<\/a>\n\t\t\t\t\t\t\t\t\t\t\t\t<\/div>\n\t\t\t\t\t\t\t\t\t\t\t<div class=\"woodmart-gallery-item\">\n\t\t\t\t\t\t\t\t\t\t\t\t\t\t<a href=\"https:\/\/cbcenter.md\/wp-content\/uploads\/2025\/12\/Meeting-Icon.jpg\" data-elementor-open-lightbox=\"no\" data-index=\"2\" data-width=\"622\" data-height=\"350\"  >\n\t\t\t\t\t\t\t\t\t\t\t\t\t\t\t\t\n\t\t\t\t\t\t\t\t\t\t\t\t\t\t\t\t\t<img loading=\"lazy\" decoding=\"async\" class=\"woodmart-gallery-image image-2\" src=\"https:\/\/cbcenter.md\/wp-content\/uploads\/2025\/12\/Meeting-Icon-550x350.jpg\" width=\"550\" height=\"350\" alt=\"Meeting-Room Chisinau Chiria\" title=\"Meeting-Room\" \/>\t\t\t\t\t\t\t\t\t\t\t\t\t\t\t\t\n\t\t\t\t\t\t\t\t\n\t\t\t\t\t\t\t\t\t\t\t\t\t\t\t<\/a>\n\t\t\t\t\t\t\t\t\t\t\t\t<\/div>\n\t\t\t\t\t\t\t\t\t\t\t<div class=\"woodmart-gallery-item\">\n\t\t\t\t\t\t\t\t\t\t\t\t\t\t<a href=\"https:\/\/cbcenter.md\/wp-content\/uploads\/2025\/12\/Meeting-Icon-1.jpg\" data-elementor-open-lightbox=\"no\" data-index=\"3\" data-width=\"622\" data-height=\"350\"  >\n\t\t\t\t\t\t\t\t\t\t\t\t\t\t\t\t\n\t\t\t\t\t\t\t\t\t\t\t\t\t\t\t\t\t<img loading=\"lazy\" decoding=\"async\" class=\"woodmart-gallery-image image-3\" src=\"https:\/\/cbcenter.md\/wp-content\/uploads\/2025\/12\/Meeting-Icon-1-550x350.jpg\" width=\"550\" height=\"350\" alt=\"Meeting-Room Chisinau Chiria\" title=\"Meeting-Room\" \/>\t\t\t\t\t\t\t\t\t\t\t\t\t\t\t\t\n\t\t\t\t\t\t\t\t\n\t\t\t\t\t\t\t\t\t\t\t\t\t\t\t<\/a>\n\t\t\t\t\t\t\t\t\t\t\t\t<\/div>\n\t\t\t\t\t\t\t\t\t\t\t\t<\/div>\n\t\t<\/div>\n\t\t\t\t<div id=\"wd-614c5ad7c3a90\" class=\"woodmart-button-wrapper text-center\"><a href=\"tel:+37369621999\" title=\"\" class=\"btn btn-color-primary btn-style-default btn-shape-rectangle btn-size-default btn-full-width btn-icon-pos-left\">+373 69 621 999<span class=\"wd-btn-icon\"><i class=\"fas fa-phone-alt\"><\/i><\/span><\/a><\/div>\n<div class=\"wpcf7 no-js\" id=\"wpcf7-f170-o1\" lang=\"en-US\" dir=\"ltr\" data-wpcf7-id=\"170\">\n<div class=\"screen-reader-response\"><p role=\"status\" aria-live=\"polite\" aria-atomic=\"true\"><\/p> <ul><\/ul><\/div>\n<form action=\"\/ru\/wp-json\/wp\/v2\/pages\/162#wpcf7-f170-o1\" method=\"post\" class=\"wpcf7-form init\" aria-label=\"Contact form\" novalidate=\"novalidate\" data-status=\"init\" data-trp-original-action=\"\/ru\/wp-json\/wp\/v2\/pages\/162#wpcf7-f170-o1\">\n<fieldset class=\"hidden-fields-container\"><input type=\"hidden\" name=\"_wpcf7\" value=\"170\" \/><input type=\"hidden\" name=\"_wpcf7_version\" value=\"6.1.5\" \/><input type=\"hidden\" name=\"_wpcf7_locale\" value=\"en_US\" \/><input type=\"hidden\" name=\"_wpcf7_unit_tag\" value=\"wpcf7-f170-o1\" \/><input type=\"hidden\" name=\"_wpcf7_container_post\" value=\"0\" \/><input type=\"hidden\" name=\"_wpcf7_posted_data_hash\" value=\"\" \/>\n<\/fieldset>\n<div class=\"row\">\n<\/div>\n<div class=\"col-sm-6\">\n\t<p><label> \u041a\u043e\u043b\u0438\u0447\u0435\u0441\u0442\u0432\u043e \u0447\u0430\u0441\u043e\u0432 <span class=\"wpcf7-form-control-wrap\" data-name=\"kolichetvo\"><select class=\"wpcf7-form-control wpcf7-select\" aria-invalid=\"false\" name=\"kolichetvo\"><option value=\"1 or\u0103\">1 \u0447\u0430\u0441<\/option><option value=\"2 ore\">2 \u0447\u0430\u0441\u0430<\/option><option value=\"3 ore\">3 \u0447\u0430\u0441\u0430<\/option><option value=\"4 ore\">4 \u0447\u0430\u0441\u0430<\/option><option value=\"5 ore\">5 \u0447\u0430\u0441\u043e\u0432<\/option><\/select><\/span><\/label>\n\t<\/p>\n<\/div>\n<div class=\"row\">\n\t<div class=\"col-sm-6\">\n\t\t<p><label> \u0414\u0430\u0442\u0430<span class=\"wpcf7-form-control-wrap\" data-name=\"data\"><input class=\"wpcf7-form-control wpcf7-date wpcf7-validates-as-date\" aria-invalid=\"false\" value=\"\" type=\"date\" name=\"data\" \/><\/span> <\/label>\n\t\t<\/p>\n\t<\/div>\n\t<div class=\"col-sm-6\">\n\t\t<p><label> \u041a\u043e\u043b\u0438\u0447\u0435\u0441\u0442\u0432\u043e \u0447\u0430\u0441\u043e\u0432<span class=\"wpcf7-form-control-wrap\" data-name=\"vremya-nachala\"><select class=\"wpcf7-form-control wpcf7-select\" aria-invalid=\"false\" name=\"vremya-nachala\"><option value=\"9:00\">9:00<\/option><option value=\"10:00\">10:00<\/option><option value=\"11:00\">11:00<\/option><option value=\"12:00\">12:00<\/option><option value=\"13:00\">13:00<\/option><option value=\"14:00\">14:00<\/option><option value=\"15:00\">15:00<\/option><option value=\"16:00\">16:00<\/option><option value=\"17:00\">17:00<\/option><\/select><\/span> <\/label>\n\t\t<\/p>\n\t<\/div>\n<\/div>\n<div class=\"row\">\n\t<div class=\"col-sm-6\">\n\t\t<p><label> \u0418\u043c\u044f, \u0444\u0430\u043c\u0438\u043b\u0438\u044f <span class=\"wpcf7-form-control-wrap\" data-name=\"Imya\"><input size=\"40\" maxlength=\"400\" class=\"wpcf7-form-control wpcf7-text wpcf7-validates-as-required\" aria-required=\"true\" aria-invalid=\"false\" value=\"\" type=\"text\" name=\"Imya\" \/><\/span><\/label>\n\t\t<\/p>\n\t<\/div>\n\t<div class=\"col-sm-6\">\n\t\t<p><label> \u0422\u0435\u043b\u0435\u0444\u043e\u043d <span class=\"wpcf7-form-control-wrap\" data-name=\"tel-161\"><input size=\"40\" maxlength=\"400\" class=\"wpcf7-form-control wpcf7-tel wpcf7-validates-as-required wpcf7-text wpcf7-validates-as-tel\" aria-required=\"true\" aria-invalid=\"false\" value=\"\" type=\"tel\" name=\"tel-161\" \/><\/span> <\/label>\n\t\t<\/p>\n\t<\/div>\n<\/div>\n<p><input class=\"wpcf7-form-control wpcf7-submit has-spinner\" type=\"submit\" value=\"\u0420\u0415\u0417\u0415\u0420\u0412\u0410\u0426\u0418\u042f\" \/>\n<\/p><div class=\"wpcf7-response-output\" aria-hidden=\"true\"><\/div>\n<input type=\"hidden\" name=\"trp-form-language\" value=\"ru\"\/><\/form>\n<\/div>\n<\/div><\/div><\/div><div class=\"wpb_column vc_column_container vc_col-sm-6\"><div class=\"vc_column-inner\"><div class=\"wpb_wrapper\">\n\t<div class=\"wpb_text_column wpb_content_element\" >\n\t\t<div class=\"wpb_wrapper\">\n\t\t\t<p class=\"font-claude-response-body whitespace-normal break-words\">\u041f\u0440\u0435\u0434\u043b\u0430\u0433\u0430\u0435\u043c \u0432 \u0430\u0440\u0435\u043d\u0434\u0443<strong> \u0441\u043e\u0432\u0440\u0435\u043c\u0435\u043d\u043d\u0443\u044e \u043f\u0435\u0440\u0435\u0433\u043e\u0432\u043e\u0440\u043d\u0443\u044e \u043a\u043e\u043c\u043d\u0430\u0442\u0443<\/strong> \u0432 \u043e\u0434\u043d\u043e\u043c \u0438\u0437 \u0441\u0430\u043c\u044b\u0445 \u0434\u0438\u043d\u0430\u043c\u0438\u0447\u043d\u043e \u0440\u0430\u0437\u0432\u0438\u0432\u0430\u044e\u0449\u0438\u0445\u0441\u044f \u0440\u0430\u0439\u043e\u043d\u043e\u0432 \u041a\u0438\u0448\u0438\u043d\u0435\u0432\u0430 \u2013 \u0411\u043e\u0442\u0430\u043d\u0438\u043a\u0430. \u042d\u0442\u043e \u0438\u0434\u0435\u0430\u043b\u044c\u043d\u043e\u0435 \u0440\u0435\u0448\u0435\u043d\u0438\u0435 \u0434\u043b\u044f \u043f\u0440\u043e\u0432\u0435\u0434\u0435\u043d\u0438\u044f<strong> \u0434\u0435\u043b\u043e\u0432\u044b\u0445 \u0432\u0441\u0442\u0440\u0435\u0447, \u043f\u0440\u0435\u0437\u0435\u043d\u0442\u0430\u0446\u0438\u0439, \u043f\u0435\u0440\u0435\u0433\u043e\u0432\u043e\u0440\u043e\u0432 \u0441 \u043a\u043b\u0438\u0435\u043d\u0442\u0430\u043c\u0438 \u0438 \u0440\u0430\u0431\u043e\u0447\u0438\u0445 \u0441\u043e\u0432\u0435\u0449\u0430\u043d\u0438\u0439.<\/strong><\/p>\n<h3 class=\"font-claude-response-body whitespace-normal break-words\"><strong>\u041f\u0440\u0435\u0438\u043c\u0443\u0449\u0435\u0441\u0442\u0432\u0430 \u043d\u0430\u0448\u0435\u0439 \u043f\u0435\u0440\u0435\u0433\u043e\u0432\u043e\u0440\u043d\u043e\u0439 \u043a\u043e\u043c\u043d\u0430\u0442\u044b:<\/strong><\/h3>\n<p class=\"font-claude-response-body whitespace-normal break-words\">\u041a\u043e\u043c\u043f\u0430\u043a\u0442\u043d\u043e\u0435 \u0438 \u0444\u0443\u043d\u043a\u0446\u0438\u043e\u043d\u0430\u043b\u044c\u043d\u043e\u0435 \u043f\u0440\u043e\u0441\u0442\u0440\u0430\u043d\u0441\u0442\u0432\u043e \u0440\u0430\u0441\u0441\u0447\u0438\u0442\u0430\u043d\u043e \u043d\u0430 \u043a\u043e\u043c\u0444\u043e\u0440\u0442\u043d\u043e\u0435 \u0440\u0430\u0437\u043c\u0435\u0449\u0435\u043d\u0438\u0435 \u0434\u043e <strong>10 \u0443\u0447\u0430\u0441\u0442\u043d\u0438\u043a\u043e\u0432<\/strong>\u0447\u0442\u043e \u0434\u0435\u043b\u0430\u0435\u0442 \u0435\u0433\u043e \u043e\u043f\u0442\u0438\u043c\u0430\u043b\u044c\u043d\u044b\u043c \u0432\u044b\u0431\u043e\u0440\u043e\u043c \u0434\u043b\u044f \u0432\u0441\u0442\u0440\u0435\u0447 \u043c\u0430\u043b\u043e\u0433\u043e \u0438 \u0441\u0440\u0435\u0434\u043d\u0435\u0433\u043e \u0444\u043e\u0440\u043c\u0430\u0442\u0430. <strong>\u0423\u0434\u043e\u0431\u043d\u043e\u0435 \u0440\u0430\u0441\u043f\u043e\u043b\u043e\u0436\u0435\u043d\u0438\u0435 \u043d\u0430 \u0411\u043e\u0442\u0430\u043d\u0438\u043a\u0435<\/strong> \u043e\u0431\u0435\u0441\u043f\u0435\u0447\u0438\u0432\u0430\u0435\u0442 \u043b\u0435\u0433\u043a\u0443\u044e \u0434\u043e\u0441\u0442\u0443\u043f\u043d\u043e\u0441\u0442\u044c \u043a\u0430\u043a \u043d\u0430 \u043b\u0438\u0447\u043d\u043e\u043c, \u0442\u0430\u043a \u0438 \u043d\u0430 \u043e\u0431\u0449\u0435\u0441\u0442\u0432\u0435\u043d\u043d\u043e\u043c \u0442\u0440\u0430\u043d\u0441\u043f\u043e\u0440\u0442\u0435.<\/p>\n<h3 class=\"font-claude-response-body whitespace-normal break-words\"><strong>\u0421\u043e\u0432\u0440\u0435\u043c\u0435\u043d\u043d\u043e\u0435 \u0442\u0435\u0445\u043d\u0438\u0447\u0435\u0441\u043a\u043e\u0435 \u043e\u0441\u043d\u0430\u0449\u0435\u043d\u0438\u0435:<\/strong><\/h3>\n<p class=\"font-claude-response-body whitespace-normal break-words\">\u041f\u0435\u0440\u0435\u0433\u043e\u0432\u043e\u0440\u043d\u0430\u044f \u043f\u043e\u043b\u043d\u043e\u0441\u0442\u044c\u044e \u043e\u0431\u043e\u0440\u0443\u0434\u043e\u0432\u0430\u043d\u0430 \u0434\u043b\u044f \u043f\u0440\u043e\u0434\u0443\u043a\u0442\u0438\u0432\u043d\u043e\u0439 \u0440\u0430\u0431\u043e\u0442\u044b. \u0412 \u0432\u0430\u0448\u0435\u043c \u0440\u0430\u0441\u043f\u043e\u0440\u044f\u0436\u0435\u043d\u0438\u0438 <strong>\u0442\u0435\u043b\u0435\u0432\u0438\u0437\u043e\u0440 4K 55 \u0434\u044e\u0439\u043c\u043e\u0432<\/strong> \u0434\u043b\u044f \u043f\u0440\u043e\u0432\u0435\u0434\u0435\u043d\u0438\u044f \u043f\u0440\u0435\u0437\u0435\u043d\u0442\u0430\u0446\u0438\u0439 \u0438 \u0432\u0438\u0434\u0435\u043e\u043a\u043e\u043d\u0444\u0435\u0440\u0435\u043d\u0446\u0438\u0439, <strong>\u0444\u043b\u0438\u043f\u0447\u0430\u0440\u0442<\/strong> \u0434\u043b\u044f \u0432\u0438\u0437\u0443\u0430\u043b\u0438\u0437\u0430\u0446\u0438\u0438 \u0438\u0434\u0435\u0439 \u0438 \u043c\u043e\u0437\u0433\u043e\u0432\u044b\u0445 \u0448\u0442\u0443\u0440\u043c\u043e\u0432, \u0430 \u0442\u0430\u043a\u0436\u0435 <strong>\u0411\u0435\u0441\u043f\u043b\u0430\u0442\u043d\u044b\u0439 Wi-Fi<\/strong> \u0434\u043b\u044f \u0431\u0435\u0441\u043f\u0435\u0440\u0435\u0431\u043e\u0439\u043d\u043e\u0439 \u0440\u0430\u0431\u043e\u0442\u044b.<\/p>\n<h3 class=\"font-claude-response-body whitespace-normal break-words\"><strong>\u0412\u044b\u0433\u043e\u0434\u043d\u0430\u044f \u043f\u043e\u0447\u0430\u0441\u043e\u0432\u0430\u044f \u0430\u0440\u0435\u043d\u0434\u0430: \u0426\u0435\u043d\u0430\/\u0432 \u0447\u0430\u0441: 250 \u043b\u0435\u0439 \u0432 \u0447\u0430\u0441<\/strong><\/h3>\n<p class=\"font-claude-response-body whitespace-normal break-words\">\u041c\u044b \u043f\u0440\u0435\u0434\u043b\u0430\u0433\u0430\u0435\u043c \u043c\u0430\u043a\u0441\u0438\u043c\u0430\u043b\u044c\u043d\u043e \u0434\u043e\u0441\u0442\u0443\u043f\u043d\u044b\u0439 \u0442\u0430\u0440\u0438\u0444 \u2013 <strong>doar 250 lei pe or\u0103. <\/strong>\u00a0\u042d\u0442\u043e \u043e\u043f\u0442\u0438\u043c\u0430\u043b\u044c\u043d\u043e\u0435 \u0440\u0435\u0448\u0435\u043d\u0438\u0435 \u0434\u043b\u044f \u0431\u0438\u0437\u043d\u0435\u0441\u0430 \u043b\u044e\u0431\u043e\u0433\u043e \u043c\u0430\u0441\u0448\u0442\u0430\u0431\u0430: \u043e\u0442 \u0441\u0442\u0430\u0440\u0442\u0430\u043f\u043e\u0432 \u0438 \u0444\u0440\u0438\u043b\u0430\u043d\u0441\u0435\u0440\u043e\u0432 \u0434\u043e \u043a\u0440\u0443\u043f\u043d\u044b\u0445 \u043a\u043e\u043c\u043f\u0430\u043d\u0438\u0439. <strong>\u0412\u044b \u043f\u043b\u0430\u0442\u0438\u0442\u0435 \u0442\u043e\u043b\u044c\u043a\u043e \u0437\u0430 \u0440\u0435\u0430\u043b\u044c\u043d\u043e \u0438\u0441\u043f\u043e\u043b\u044c\u0437\u043e\u0432\u0430\u043d\u043d\u043e\u0435 \u0432\u0440\u0435\u043c\u044f, \u0431\u0435\u0437 \u043d\u0435\u043e\u0431\u0445\u043e\u0434\u0438\u043c\u043e\u0441\u0442\u0438 \u0430\u0440\u0435\u043d\u0434\u043e\u0432\u0430\u0442\u044c \u043f\u043e\u043c\u0435\u0449\u0435\u043d\u0438\u0435 \u043d\u0430 \u0432\u0435\u0441\u044c \u0434\u0435\u043d\u044c.<\/strong><\/p>\n<h3 class=\"font-claude-response-body whitespace-normal break-words\"><strong>\u0414\u043b\u044f \u043a\u043e\u0433\u043e \u043f\u043e\u0434\u0445\u043e\u0434\u0438\u0442 \u043f\u0435\u0440\u0435\u0433\u043e\u0432\u043e\u0440\u043d\u0430\u044f \u043a\u043e\u043c\u043d\u0430\u0442\u0430:<\/strong><\/h3>\n<ul class=\"&#091;&amp;:not(:last-child)_ul&#093;:pb-1 &#091;&amp;:not(:last-child)_ol&#093;:pb-1 list-disc space-y-2.5 pl-7\">\n<li class=\"whitespace-normal break-words\"><strong>\u0414\u0435\u043b\u043e\u0432\u044b\u0435 \u0432\u0441\u0442\u0440\u0435\u0447\u0438 \u0441 \u043a\u043b\u0438\u0435\u043d\u0442\u0430\u043c\u0438 \u0438 \u043f\u0430\u0440\u0442\u043d\u0435\u0440\u0430\u043c\u0438<\/strong><\/li>\n<li class=\"whitespace-normal break-words\"><strong>\u0421\u043e\u0431\u0435\u0441\u0435\u0434\u043e\u0432\u0430\u043d\u0438\u044f \u0438 \u0440\u0435\u043a\u0440\u0443\u0442\u0438\u043d\u0433\u043e\u0432\u044b\u0435 \u0438\u043d\u0442\u0435\u0440\u0432\u044c\u044e<\/strong><\/li>\n<li class=\"whitespace-normal break-words\"><strong>\u041f\u043b\u0430\u043d\u0435\u0440\u043a\u0438 \u0438 \u0441\u043e\u0432\u0435\u0449\u0430\u043d\u0438\u044f \u043c\u0430\u043b\u044b\u0445 \u0433\u0440\u0443\u043f\u043f<\/strong><\/li>\n<li class=\"whitespace-normal break-words\"><strong>\u041f\u0440\u0435\u0437\u0435\u043d\u0442\u0430\u0446\u0438\u0438 \u043f\u0440\u043e\u0434\u0443\u043a\u0442\u043e\u0432 \u0438 \u0443\u0441\u043b\u0443\u0433<\/strong><\/li>\n<li class=\"whitespace-normal break-words\"><strong>\u041c\u043e\u0437\u0433\u043e\u0432\u044b\u0435 \u0448\u0442\u0443\u0440\u043c\u044b \u0438 \u0441\u0442\u0440\u0430\u0442\u0435\u0433\u0438\u0447\u0435\u0441\u043a\u0438\u0435 \u0441\u0435\u0441\u0441\u0438\u0438<\/strong><\/li>\n<li class=\"whitespace-normal break-words\"><strong>\u041e\u043d\u043b\u0430\u0439\u043d-\u0432\u0441\u0442\u0440\u0435\u0447\u0438 \u0438 \u0432\u0438\u0434\u0435\u043e\u043a\u043e\u043d\u0444\u0435\u0440\u0435\u043d\u0446\u0438\u0438<\/strong><\/li>\n<li class=\"whitespace-normal break-words\"><strong>\u041e\u0431\u0443\u0447\u0430\u044e\u0449\u0438\u0435 \u0441\u0435\u0441\u0441\u0438\u0438 \u0438 \u0442\u0440\u0435\u043d\u0438\u043d\u0433\u0438 \u0434\u043b\u044f \u043d\u0435\u0431\u043e\u043b\u044c\u0448\u0438\u0445 \u0433\u0440\u0443\u043f\u043f<\/strong><\/li>\n<\/ul>\n<h3 class=\"font-claude-response-body whitespace-normal break-words\"><strong>\u041f\u043e\u0447\u0435\u043c\u0443 \u0432\u044b\u0431\u0438\u0440\u0430\u044e\u0442 \u043d\u0430\u0441:<\/strong><\/h3>\n<p class=\"font-claude-response-body whitespace-normal break-words\">\u0420\u0430\u0441\u043f\u043e\u043b\u043e\u0436\u0435\u043d\u0438\u0435 \u0432 \u0440\u0430\u0439\u043e\u043d\u0435 \u0411\u043e\u0442\u0430\u043d\u0438\u043a\u0430 \u0434\u0435\u043b\u0430\u0435\u0442 \u043f\u0435\u0440\u0435\u0433\u043e\u0432\u043e\u0440\u043d\u0443\u044e \u0434\u043e\u0441\u0442\u0443\u043f\u043d\u043e\u0439 \u0434\u043b\u044f \u043a\u043b\u0438\u0435\u043d\u0442\u043e\u0432 \u0438\u0437 \u0440\u0430\u0437\u043d\u044b\u0445 \u0447\u0430\u0441\u0442\u0435\u0439 \u041a\u0438\u0448\u0438\u043d\u0435\u0432\u0430. \u0421\u043e\u0432\u0440\u0435\u043c\u0435\u043d\u043d\u043e\u0435 \u043e\u0431\u043e\u0440\u0443\u0434\u043e\u0432\u0430\u043d\u0438\u0435, \u043a\u043e\u043c\u0444\u043e\u0440\u0442\u043d\u0430\u044f \u0430\u0442\u043c\u043e\u0441\u0444\u0435\u0440\u0430 \u0438 \u0434\u0435\u043c\u043e\u043a\u0440\u0430\u0442\u0438\u0447\u043d\u0430\u044f \u0446\u0435\u043d\u0430 \u043e\u0431\u0435\u0441\u043f\u0435\u0447\u0438\u0432\u0430\u044e\u0442 \u0438\u0434\u0435\u0430\u043b\u044c\u043d\u044b\u0435 \u0443\u0441\u043b\u043e\u0432\u0438\u044f \u0434\u043b\u044f \u043f\u0440\u043e\u0434\u0443\u043a\u0442\u0438\u0432\u043d\u043e\u0439 \u0440\u0430\u0431\u043e\u0442\u044b. \u041f\u043e\u043c\u0435\u0449\u0435\u043d\u0438\u0435 \u0433\u043e\u0442\u043e\u0432\u043e \u043a \u0438\u0441\u043f\u043e\u043b\u044c\u0437\u043e\u0432\u0430\u043d\u0438\u044e \u2013 \u043f\u0440\u0438\u0445\u043e\u0434\u0438\u0442\u0435 \u0438 \u0441\u0440\u0430\u0437\u0443 \u043d\u0430\u0447\u0438\u043d\u0430\u0439\u0442\u0435 \u0440\u0430\u0431\u043e\u0442\u0430\u0442\u044c.<\/p>\n<p class=\"font-claude-response-body whitespace-normal break-words\">\u0417\u0430\u0431\u0440\u043e\u043d\u0438\u0440\u0443\u0439\u0442\u0435 \u043f\u0435\u0440\u0435\u0433\u043e\u0432\u043e\u0440\u043d\u0443\u044e \u043a\u043e\u043c\u043d\u0430\u0442\u0443 \u0432 \u041a\u0438\u0448\u0438\u043d\u0435\u0432\u0435 \u043d\u0430 \u0411\u043e\u0442\u0430\u043d\u0438\u043a\u0435 \u0438 \u043f\u0440\u043e\u0432\u043e\u0434\u0438\u0442\u0435 \u0432\u0441\u0442\u0440\u0435\u0447\u0438 \u0432 \u043a\u043e\u043c\u0444\u043e\u0440\u0442\u043d\u043e\u0439 \u043f\u0440\u043e\u0444\u0435\u0441\u0441\u0438\u043e\u043d\u0430\u043b\u044c\u043d\u043e\u0439 \u043e\u0431\u0441\u0442\u0430\u043d\u043e\u0432\u043a\u0435 \u043f\u043e \u0434\u043e\u0441\u0442\u0443\u043f\u043d\u043e\u0439 \u0446\u0435\u043d\u0435.<\/p>\n\n\t\t<\/div>\n\t<\/div>\n<\/div><\/div><\/div><\/div>","protected":false},"excerpt":{"rendered":"\u00cenchiriere sal\u0103 de \u0219edin\u021be \u00een Chi\u0219in\u0103u, sectorul Botanica +373 69 621 999 Num\u0103rul de ore 1 or\u01032 ore3 ore4 ore5","protected":false},"author":1,"featured_media":0,"parent":0,"menu_order":0,"comment_status":"closed","ping_status":"closed","template":"","meta":{"footnotes":""},"class_list":["post-162","page","type-page","status-publish","hentry"],"_links":{"self":[{"href":"https:\/\/cbcenter.md\/ru\/wp-json\/wp\/v2\/pages\/162","targetHints":{"allow":["GET"]}}],"collection":[{"href":"https:\/\/cbcenter.md\/ru\/wp-json\/wp\/v2\/pages"}],"about":[{"href":"https:\/\/cbcenter.md\/ru\/wp-json\/wp\/v2\/types\/page"}],"author":[{"embeddable":true,"href":"https:\/\/cbcenter.md\/ru\/wp-json\/wp\/v2\/users\/1"}],"replies":[{"embeddable":true,"href":"https:\/\/cbcenter.md\/ru\/wp-json\/wp\/v2\/comments?post=162"}],"version-history":[{"count":2,"href":"https:\/\/cbcenter.md\/ru\/wp-json\/wp\/v2\/pages\/162\/revisions"}],"predecessor-version":[{"id":1622,"href":"https:\/\/cbcenter.md\/ru\/wp-json\/wp\/v2\/pages\/162\/revisions\/1622"}],"wp:attachment":[{"href":"https:\/\/cbcenter.md\/ru\/wp-json\/wp\/v2\/media?parent=162"}],"curies":[{"name":"wp","href":"https:\/\/api.w.org\/{rel}","templated":true}]}}